{"id":7729,"date":"2025-08-07T14:30:49","date_gmt":"2025-08-07T12:30:49","guid":{"rendered":"https:\/\/preprod.briochegourmet.com\/la-nostra-storia\/"},"modified":"2025-09-23T15:08:46","modified_gmt":"2025-09-23T13:08:46","slug":"la-nostra-storia","status":"publish","type":"page","link":"https:\/\/www.briochegourmet.com\/it\/la-nostra-storia\/","title":{"rendered":"La nostra storia"},"content":{"rendered":"\n<div id=\"wp-block-themeisle-blocks-advanced-columns-8a4e19e2\" class=\"wp-block-themeisle-blocks-advanced-columns alignfull has-1-columns has-desktop-equal-layout has-tablet-equal-layout has-mobile-equal-layout has-vertical-unset\"><div class=\"wp-block-themeisle-blocks-advanced-columns-overlay\"><\/div><div class=\"innerblocks-wrap\">\n<div id=\"wp-block-themeisle-blocks-advanced-column-099d3ae7\" class=\"wp-block-themeisle-blocks-advanced-column\">\n<div id=\"wp-block-themeisle-blocks-advanced-columns-1f3e2555\" class=\"wp-block-themeisle-blocks-advanced-columns alignfull has-1-columns has-desktop-equal-layout has-tablet-equal-layout has-mobile-equal-layout has-vertical-unset has-dark-bg\"><div class=\"wp-block-themeisle-blocks-advanced-columns-overlay\"><\/div><div class=\"innerblocks-wrap\">\n<div id=\"wp-block-themeisle-blocks-advanced-column-94f9125a\" class=\"wp-block-themeisle-blocks-advanced-column\"><div class=\"yoast-breadcrumbs\"><span><span><a href=\"https:\/\/www.briochegourmet.com\/it\/\">Brioche Gourmet<\/a><\/span> \u00bb <span class=\"breadcrumb_last\" aria-current=\"page\">La nostra storia<\/span><\/span><\/div>\n\n\n<h1 id=\"wp-block-themeisle-blocks-advanced-heading-a35a34f9\" class=\"wp-block-themeisle-blocks-advanced-heading wp-block-themeisle-blocks-advanced-heading-a35a34f9\">La nostra storia<\/h1>\n\n\n\n<div id=\"wp-block-themeisle-blocks-advanced-columns-0b378107\" class=\"wp-block-themeisle-blocks-advanced-columns has-2-columns has-desktop-equal-layout has-tablet-collapsedRows-layout has-mobile-collapsedRows-layout has-reverse-columns-tablet has-reverse-columns-mobile has-vertical-unset\"><div class=\"wp-block-themeisle-blocks-advanced-columns-overlay\"><\/div><div class=\"innerblocks-wrap\">\n<div id=\"wp-block-themeisle-blocks-advanced-column-e8c86892\" class=\"wp-block-themeisle-blocks-advanced-column\">\n<h2 class=\"wp-block-heading\" style=\"font-size:46px\">La brioche \u00e8 nella nostra natura<\/h2>\n\n\n\n<div id=\"wp-block-themeisle-blocks-icon-list-70d48a55\" class=\"wp-block-themeisle-blocks-icon-list our-story-list\">\n<div id=\"wp-block-themeisle-blocks-icon-list-item-547c7bad\" class=\"wp-block-themeisle-blocks-icon-list-item\"><img decoding=\"async\" src=\"https:\/\/www.briochegourmet.com\/wp-content\/uploads\/sites\/3\/2025\/08\/BG_Tour_Eiffel_gold.png\"\/><p class=\"wp-block-themeisle-blocks-icon-list-item-content-custom\">Sforniamo dolci da quattro generazioni, tramandando le nostre ricette originali e la passione per il pan brioche.<\/p><\/div>\n\n\n\n<div id=\"wp-block-themeisle-blocks-icon-list-item-92f73b5e\" class=\"wp-block-themeisle-blocks-icon-list-item\"><img decoding=\"async\" src=\"https:\/\/www.briochegourmet.com\/wp-content\/uploads\/sites\/3\/2025\/08\/BG_Tour_Eiffel_gold.png\"\/><p class=\"wp-block-themeisle-blocks-icon-list-item-content-custom\">L\u2019eccellenza e la genuinit\u00e0 degli ingredienti sono all\u2019origine di ogni prodotto sfornato.<\/p><\/div>\n\n\n\n<div id=\"wp-block-themeisle-blocks-icon-list-item-6395c973\" class=\"wp-block-themeisle-blocks-icon-list-item\"><img decoding=\"async\" src=\"https:\/\/www.briochegourmet.com\/wp-content\/uploads\/sites\/3\/2025\/08\/BG_Tour_Eiffel_gold.png\"\/><p class=\"wp-block-themeisle-blocks-icon-list-item-content-custom\">L\u2019elemento chiave che caratterizza il nostro pan brioche \u00e8 la consistenza: morbido e leggero ad ogni morso, facile da separare eppure mai friabile o che si spezza.<\/p><\/div>\n\n\n\n<div id=\"wp-block-themeisle-blocks-icon-list-item-303adf20\" class=\"wp-block-themeisle-blocks-icon-list-item\"><img decoding=\"async\" src=\"https:\/\/www.briochegourmet.com\/wp-content\/uploads\/sites\/3\/2025\/08\/BG_Tour_Eiffel_gold.png\"\/><p class=\"wp-block-themeisle-blocks-icon-list-item-content-custom\">Portare in ogni famiglia un delizioso e genuino pan brioche francese \u00e8 stata la missione dei nostri fondatori e un impegno a cui, ancora oggi, restiamo fedeli.<\/p><\/div>\n<\/div>\n<\/div>\n\n\n\n<div id=\"wp-block-themeisle-blocks-advanced-column-72bef85c\" class=\"wp-block-themeisle-blocks-advanced-column\"><div class=\"wp-block-image ticss-906cb926\">\n<figure class=\"aligncenter size-full has-custom-border\"><img loading=\"lazy\" decoding=\"async\" width=\"484\" height=\"467\" src=\"https:\/\/www.briochegourmet.com\/wp-content\/uploads\/sites\/3\/2025\/08\/Fournee_Doree_St-Marie-aC_115_.jpg\" alt=\"\" class=\"wp-image-495\" style=\"border-top-color:var(--wp--preset--color--nv-site-bg);border-top-width:22px;border-right-color:var(--wp--preset--color--nv-site-bg);border-right-width:22px;border-bottom-color:var(--wp--preset--color--nv-site-bg);border-bottom-width:86px;border-left-color:var(--wp--preset--color--nv-site-bg);border-left-width:22px\" srcset=\"https:\/\/www.briochegourmet.com\/wp-content\/uploads\/sites\/3\/2025\/08\/Fournee_Doree_St-Marie-aC_115_.jpg 484w, https:\/\/www.briochegourmet.com\/wp-content\/uploads\/sites\/3\/2025\/08\/Fournee_Doree_St-Marie-aC_115_-300x289.jpg 300w\" sizes=\"auto, (max-width: 484px) 100vw, 484px\" \/><\/figure>\n<\/div><\/div>\n<\/div><\/div>\n<\/div>\n<\/div><\/div>\n\n\n\n<div id=\"wp-block-themeisle-blocks-advanced-columns-41866679\" class=\"wp-block-themeisle-blocks-advanced-columns alignfull has-1-columns has-desktop-equal-layout hide-in-tablet hide-in-mobile has-vertical-unset our-story-ble\"><div class=\"wp-block-themeisle-blocks-advanced-columns-overlay\"><\/div><div class=\"innerblocks-wrap\">\n<div id=\"wp-block-themeisle-blocks-advanced-column-22378dfd\" class=\"wp-block-themeisle-blocks-advanced-column\"><\/div>\n<\/div><\/div>\n\n\n\n<div id=\"wp-block-themeisle-blocks-advanced-columns-5366ee30\" class=\"wp-block-themeisle-blocks-advanced-columns alignfull has-1-columns has-desktop-equal-layout has-tablet-equal-layout has-mobile-equal-layout has-vertical-unset\"><div class=\"wp-block-themeisle-blocks-advanced-columns-overlay\"><\/div><div class=\"innerblocks-wrap\">\n<div id=\"wp-block-themeisle-blocks-advanced-column-be0e4e3e\" class=\"wp-block-themeisle-blocks-advanced-column\">\n<div id=\"wp-block-themeisle-blocks-advanced-columns-a7d38a88\" class=\"wp-block-themeisle-blocks-advanced-columns has-1-columns has-desktop-equal-layout has-tablet-equal-layout has-mobile-equal-layout has-vertical-unset\"><div class=\"wp-block-themeisle-blocks-advanced-columns-overlay\"><\/div><div class=\"innerblocks-wrap\">\n<div id=\"wp-block-themeisle-blocks-advanced-column-b3d20137\" class=\"wp-block-themeisle-blocks-advanced-column\"><div class=\"wp-block-image\">\n<figure class=\"aligncenter size-full is-resized\"><img loading=\"lazy\" decoding=\"async\" width=\"364\" height=\"258\" src=\"https:\/\/www.briochegourmet.com\/wp-content\/uploads\/sites\/3\/2025\/08\/BG_Tour_Eiffel_gold.png\" alt=\"\" class=\"wp-image-538\" style=\"width:150px\" srcset=\"https:\/\/www.briochegourmet.com\/wp-content\/uploads\/sites\/3\/2025\/08\/BG_Tour_Eiffel_gold.png 364w, https:\/\/www.briochegourmet.com\/wp-content\/uploads\/sites\/3\/2025\/08\/BG_Tour_Eiffel_gold-300x213.png 300w\" sizes=\"auto, (max-width: 364px) 100vw, 364px\" \/><\/figure>\n<\/div>\n\n\n<div id=\"wp-block-themeisle-blocks-advanced-columns-2c917ae7\" class=\"wp-block-themeisle-blocks-advanced-columns has-2-columns has-desktop-equal-layout has-tablet-equal-layout has-mobile-collapsedRows-layout has-vertical-unset\"><div class=\"wp-block-themeisle-blocks-advanced-columns-overlay\"><\/div><div class=\"innerblocks-wrap\">\n<div id=\"wp-block-themeisle-blocks-advanced-column-c646460d\" class=\"wp-block-themeisle-blocks-advanced-column\">\n<figure class=\"wp-block-image size-full is-resized\"><img loading=\"lazy\" decoding=\"async\" width=\"377\" height=\"377\" src=\"https:\/\/www.briochegourmet.com\/wp-content\/uploads\/sites\/3\/2025\/08\/PICTO-BRIOCHE-GOURMET-4fa7f2.svg\" alt=\"\" class=\"wp-image-94\" style=\"width:50px\"\/><\/figure>\n\n\n\n<h2 id=\"wp-block-themeisle-blocks-advanced-heading-0256fefe\" class=\"wp-block-themeisle-blocks-advanced-heading wp-block-themeisle-blocks-advanced-heading-0256fefe\">La passione per il pan brioche \u00e8 un vizio di famiglia<\/h2>\n\n\n\n<p>Il nostro amore per il pan brioche ebbe inizio nel 1945 in una panetteria francese, dove la nostra famiglia inizi\u00f2 l\u2019attivit\u00e0 creando deliziosi pan brioche artigianali. Immersi nella campagna della Francia occidentale, abbiamo perfezionato l\u2019arte di questa iconica specialit\u00e0 francese: un pan brioche morbido, leggerissimo, piacevolmente dolce e dorato che regala gioia ad ogni morso.<\/p>\n\n\n\n<p>Oggi, arrivati alla quarta generazione di un\u2019azienda a conduzione familiare, continuiamo a mantenere intatte le nostre storiche ricette originali, cos\u00ec come la nostra passione per la produzione artigianale. Ce ne intendiamo di pan brioche e prendiamo molto sul serio il nostro lavoro, partendo da ingredienti eccezionali fino all\u2019assaggio delle nostre creazioni appena sfornate (impossibile resistere, c\u2019est d\u00e9licieux!). Da Brioche Gourmet sforniamo sempre nuove idee per portare sulla tua tavola il gusto del pan brioche francese artigianale.<\/p>\n<\/div>\n\n\n\n<div id=\"wp-block-themeisle-blocks-advanced-column-bb985ad9\" class=\"wp-block-themeisle-blocks-advanced-column\">\n<figure class=\"wp-block-image size-full\"><img loading=\"lazy\" decoding=\"async\" width=\"600\" height=\"900\" src=\"http:\/\/www.briochegourmet.com\/wp-content\/uploads\/sites\/3\/2025\/09\/our-story-bloc1-passion-for-brioche.png\" alt=\"\" class=\"wp-image-7798\" style=\"aspect-ratio:3\/4;object-fit:cover\" srcset=\"https:\/\/www.briochegourmet.com\/wp-content\/uploads\/sites\/3\/2025\/09\/our-story-bloc1-passion-for-brioche.png 600w, https:\/\/www.briochegourmet.com\/wp-content\/uploads\/sites\/3\/2025\/09\/our-story-bloc1-passion-for-brioche-200x300.png 200w\" sizes=\"auto, (max-width: 600px) 100vw, 600px\" \/><\/figure>\n<\/div>\n<\/div><\/div>\n\n\n\n<div id=\"wp-block-themeisle-blocks-advanced-columns-7e2c6c70\" class=\"wp-block-themeisle-blocks-advanced-columns has-2-columns has-desktop-equal-layout has-tablet-equal-layout has-mobile-collapsedRows-layout has-reverse-columns-mobile has-vertical-unset\"><div class=\"wp-block-themeisle-blocks-advanced-columns-overlay\"><\/div><div class=\"innerblocks-wrap\">\n<div id=\"wp-block-themeisle-blocks-advanced-column-20cb726e\" class=\"wp-block-themeisle-blocks-advanced-column\">\n<figure class=\"wp-block-image size-full\"><img loading=\"lazy\" decoding=\"async\" width=\"800\" height=\"533\" src=\"http:\/\/www.briochegourmet.com\/wp-content\/uploads\/sites\/3\/2025\/09\/our-story-bloc3-brioche-ingredients.png\" alt=\"\" class=\"wp-image-7809\" style=\"aspect-ratio:4\/3;object-fit:cover\" srcset=\"https:\/\/www.briochegourmet.com\/wp-content\/uploads\/sites\/3\/2025\/09\/our-story-bloc3-brioche-ingredients.png 800w, https:\/\/www.briochegourmet.com\/wp-content\/uploads\/sites\/3\/2025\/09\/our-story-bloc3-brioche-ingredients-300x200.png 300w, https:\/\/www.briochegourmet.com\/wp-content\/uploads\/sites\/3\/2025\/09\/our-story-bloc3-brioche-ingredients-768x512.png 768w\" sizes=\"auto, (max-width: 800px) 100vw, 800px\" \/><\/figure>\n<\/div>\n\n\n\n<div id=\"wp-block-themeisle-blocks-advanced-column-c5c7c7b3\" class=\"wp-block-themeisle-blocks-advanced-column\">\n<figure class=\"wp-block-image size-full is-resized\"><img loading=\"lazy\" decoding=\"async\" width=\"377\" height=\"377\" src=\"https:\/\/www.briochegourmet.com\/wp-content\/uploads\/sites\/3\/2025\/08\/PICTO-BRIOCHE-GOURMET-4fa7f2.svg\" alt=\"\" class=\"wp-image-94\" style=\"width:50px\"\/><\/figure>\n\n\n\n<h2 id=\"wp-block-themeisle-blocks-advanced-heading-69aa090b\" class=\"wp-block-themeisle-blocks-advanced-heading wp-block-themeisle-blocks-advanced-heading-69aa090b\">Le materie prime, una scelta che ci sta a cuore<\/h2>\n\n\n\n<p>Come panificatori, sappiamo che una brioche sprigioner\u00e0 tutto il suo \u201cpotenziale\u201d solo se fatta con gli ingredienti migliori come frumento pregiato, burro francese, uova, latte. Ogni ingrediente viene accuratamente selezionato e si unisce in una perfetta sinfonia di sapori, dando vita a una consistenza morbida, leggera come l\u2019aria e semplicemente deliziosa. Gli ingredienti che utilizziamo sono a dir poco eccezionali. Sono il cuore e l\u2019anima della nostre creazioni e il riflesso dei nostri valori di sostenibilit\u00e0, gusto ricercato e impegno costante per la qualit\u00e0.<\/p>\n<\/div>\n<\/div><\/div>\n\n\n\n<div id=\"wp-block-themeisle-blocks-advanced-columns-b40e005a\" class=\"wp-block-themeisle-blocks-advanced-columns has-2-columns has-desktop-equal-layout has-tablet-equal-layout has-mobile-collapsedRows-layout has-vertical-unset\"><div class=\"wp-block-themeisle-blocks-advanced-columns-overlay\"><\/div><div class=\"innerblocks-wrap\">\n<div id=\"wp-block-themeisle-blocks-advanced-column-8974124c\" class=\"wp-block-themeisle-blocks-advanced-column\">\n<figure class=\"wp-block-image size-full is-resized\"><img loading=\"lazy\" decoding=\"async\" width=\"377\" height=\"377\" src=\"https:\/\/www.briochegourmet.com\/wp-content\/uploads\/sites\/3\/2025\/08\/PICTO-BRIOCHE-GOURMET-4fa7f2.svg\" alt=\"\" class=\"wp-image-94\" style=\"width:50px\"\/><\/figure>\n\n\n\n<h2 id=\"wp-block-themeisle-blocks-advanced-heading-68ccefbc\" class=\"wp-block-themeisle-blocks-advanced-heading wp-block-themeisle-blocks-advanced-heading-68ccefbc\">Un pan brioche soffice al palato, dolce per la Terra<\/h2>\n\n\n\n<p>Sappiamo che tutto ci\u00f2 che mettiamo nei nostri prodotti artigianali conta. Reperire ingredienti di prima qualit\u00e0 \u00e8 solo l\u2019inizio. Ci impegniamo ad ascoltare, imparare e crescere come azienda e come custodi della Terra, un pan brioche dopo l\u2019altro, giorno dopo giorno. Ecco a che punto siamo del nostro percorso:<\/p>\n\n\n\n<p>Per il pianeta :<\/p>\n\n\n\n<ul class=\"wp-block-list\">\n<li>Ingredienti di alta qualit\u00e0 provenienti da fonti sostenibili<\/li>\n\n\n\n<li>RGPO olio di palma, per ridurre il consumo d\u2019acqua e di energia elettrica<\/li>\n\n\n\n<li>Confezioni eco-compatibili, per diminuire l\u2019uso di materie plastiche e ridurre al minimo gli scarti di produzione<\/li>\n\n\n\n<li>Efficienza energetica nei nostri pastifici e negli uffici<\/li>\n<\/ul>\n\n\n\n<p>Per le persone :<\/p>\n\n\n\n<ul class=\"wp-block-list\">\n<li>Un\u2019offerta di prodotti che si arricchisce di alternative a base vegetale e adatte a persone allergiche<\/li>\n\n\n\n<li>Una cultura in cui tutti i dipendenti si sentano accolti, rispettati e apprezzati<\/li>\n\n\n\n<li>Gestione responsabile e di \u201crestituzione alla comunit\u00e0\u201d con donazioni di sangue, raccolta di giocattoli, volontariato e altro ancora.<\/li>\n\n\n\n<li>Benessere dei dipendenti, strutture sportive in loco e una cultura centrata sulla famiglia.<\/li>\n<\/ul>\n<\/div>\n\n\n\n<div id=\"wp-block-themeisle-blocks-advanced-column-5513c28e\" class=\"wp-block-themeisle-blocks-advanced-column\">\n<figure class=\"wp-block-image size-full\"><img loading=\"lazy\" decoding=\"async\" width=\"800\" height=\"534\" src=\"http:\/\/www.briochegourmet.com\/wp-content\/uploads\/sites\/3\/2025\/09\/our-story-bloc3-brioche-and-earth.png\" alt=\"\" class=\"wp-image-7815\" style=\"aspect-ratio:3\/4;object-fit:cover\" srcset=\"https:\/\/www.briochegourmet.com\/wp-content\/uploads\/sites\/3\/2025\/09\/our-story-bloc3-brioche-and-earth.png 800w, https:\/\/www.briochegourmet.com\/wp-content\/uploads\/sites\/3\/2025\/09\/our-story-bloc3-brioche-and-earth-300x200.png 300w, https:\/\/www.briochegourmet.com\/wp-content\/uploads\/sites\/3\/2025\/09\/our-story-bloc3-brioche-and-earth-768x513.png 768w\" sizes=\"auto, (max-width: 800px) 100vw, 800px\" \/><\/figure>\n<\/div>\n<\/div><\/div>\n<\/div>\n<\/div><\/div>\n\n\n<div class=\"wp-block-image\">\n<figure class=\"aligncenter size-full is-resized\"><img loading=\"lazy\" decoding=\"async\" width=\"1114\" height=\"739\" src=\"http:\/\/www.briochegourmet.com\/wp-content\/uploads\/sites\/3\/2025\/08\/Illu-BG-prep.png\" alt=\"\" class=\"wp-image-138\" style=\"aspect-ratio:16\/9;object-fit:contain;width:700px\" srcset=\"https:\/\/www.briochegourmet.com\/wp-content\/uploads\/sites\/3\/2025\/08\/Illu-BG-prep.png 1114w, https:\/\/www.briochegourmet.com\/wp-content\/uploads\/sites\/3\/2025\/08\/Illu-BG-prep-300x199.png 300w, https:\/\/www.briochegourmet.com\/wp-content\/uploads\/sites\/3\/2025\/08\/Illu-BG-prep-1024x679.png 1024w, https:\/\/www.briochegourmet.com\/wp-content\/uploads\/sites\/3\/2025\/08\/Illu-BG-prep-768x509.png 768w\" sizes=\"auto, (max-width: 1114px) 100vw, 1114px\" \/><\/figure>\n<\/div><\/div>\n<\/div><\/div>\n<\/div>\n<\/div><\/div>\n","protected":false},"excerpt":{"rendered":"","protected":false},"author":1,"featured_media":0,"parent":0,"menu_order":0,"comment_status":"closed","ping_status":"closed","template":"","meta":{"_acf_changed":false,"neve_meta_sidebar":"","neve_meta_container":"","neve_meta_enable_content_width":"","neve_meta_content_width":0,"neve_meta_title_alignment":"","neve_meta_author_avatar":"","neve_post_elements_order":"","neve_meta_disable_header":"","neve_meta_disable_footer":"","neve_meta_disable_title":"on","neve_meta_reading_time":"","_themeisle_gutenberg_block_has_review":false,"footnotes":""},"class_list":["post-7729","page","type-page","status-publish","hentry"],"acf":[],"yoast_head":"<!-- This site is optimized with the Yoast SEO plugin v27.3 - https:\/\/yoast.com\/product\/yoast-seo-wordpress\/ -->\n<title>La nostra storia - Brioche Gourmet<\/title>\n<meta name=\"description\" content=\"La nostra storia La brioche \u00e8 nella nostra natura Sforniamo dolci da quattro generazioni, tramandando le nostre ricette originali e la passione per il pan\" \/>\n<meta name=\"robots\" content=\"index, follow, max-snippet:-1, max-image-preview:large, max-video-preview:-1\" \/>\n<link rel=\"canonical\" href=\"https:\/\/www.briochegourmet.com\/it\/la-nostra-storia\/\" \/>\n<meta property=\"og:locale\" content=\"it_IT\" \/>\n<meta property=\"og:type\" content=\"article\" \/>\n<meta property=\"og:title\" content=\"La nostra storia - Brioche Gourmet\" \/>\n<meta property=\"og:description\" content=\"La nostra storia La brioche \u00e8 nella nostra natura Sforniamo dolci da quattro generazioni, tramandando le nostre ricette originali e la passione per il pan\" \/>\n<meta property=\"og:url\" content=\"https:\/\/www.briochegourmet.com\/it\/la-nostra-storia\/\" \/>\n<meta property=\"og:site_name\" content=\"Brioche Gourmet\" \/>\n<meta property=\"article:modified_time\" content=\"2025-09-23T13:08:46+00:00\" \/>\n<meta property=\"og:image\" content=\"https:\/\/www.briochegourmet.com\/wp-content\/uploads\/sites\/3\/2025\/08\/BG_Tour_Eiffel_gold.png\" \/>\n<meta name=\"twitter:card\" content=\"summary_large_image\" \/>\n<meta name=\"twitter:label1\" content=\"Tempo di lettura stimato\" \/>\n\t<meta name=\"twitter:data1\" content=\"5 minuti\" \/>\n<script type=\"application\/ld+json\" class=\"yoast-schema-graph\">{\"@context\":\"https:\\\/\\\/schema.org\",\"@graph\":[{\"@type\":\"WebPage\",\"@id\":\"https:\\\/\\\/www.briochegourmet.com\\\/it\\\/la-nostra-storia\\\/\",\"url\":\"https:\\\/\\\/www.briochegourmet.com\\\/it\\\/la-nostra-storia\\\/\",\"name\":\"La nostra storia - Brioche Gourmet\",\"isPartOf\":{\"@id\":\"https:\\\/\\\/www.briochegourmet.com\\\/#website\"},\"primaryImageOfPage\":{\"@id\":\"https:\\\/\\\/www.briochegourmet.com\\\/it\\\/la-nostra-storia\\\/#primaryimage\"},\"image\":{\"@id\":\"https:\\\/\\\/www.briochegourmet.com\\\/it\\\/la-nostra-storia\\\/#primaryimage\"},\"thumbnailUrl\":\"https:\\\/\\\/www.briochegourmet.com\\\/wp-content\\\/uploads\\\/sites\\\/3\\\/2025\\\/08\\\/BG_Tour_Eiffel_gold.png\",\"datePublished\":\"2025-08-07T12:30:49+00:00\",\"dateModified\":\"2025-09-23T13:08:46+00:00\",\"description\":\"La nostra storia La brioche \u00e8 nella nostra natura Sforniamo dolci da quattro generazioni, tramandando le nostre ricette originali e la passione per il pan\",\"breadcrumb\":{\"@id\":\"https:\\\/\\\/www.briochegourmet.com\\\/it\\\/la-nostra-storia\\\/#breadcrumb\"},\"inLanguage\":\"it-IT\",\"potentialAction\":[{\"@type\":\"ReadAction\",\"target\":[\"https:\\\/\\\/www.briochegourmet.com\\\/it\\\/la-nostra-storia\\\/\"]}]},{\"@type\":\"ImageObject\",\"inLanguage\":\"it-IT\",\"@id\":\"https:\\\/\\\/www.briochegourmet.com\\\/it\\\/la-nostra-storia\\\/#primaryimage\",\"url\":\"https:\\\/\\\/www.briochegourmet.com\\\/wp-content\\\/uploads\\\/sites\\\/3\\\/2025\\\/08\\\/BG_Tour_Eiffel_gold.png\",\"contentUrl\":\"https:\\\/\\\/www.briochegourmet.com\\\/wp-content\\\/uploads\\\/sites\\\/3\\\/2025\\\/08\\\/BG_Tour_Eiffel_gold.png\"},{\"@type\":\"BreadcrumbList\",\"@id\":\"https:\\\/\\\/www.briochegourmet.com\\\/it\\\/la-nostra-storia\\\/#breadcrumb\",\"itemListElement\":[{\"@type\":\"ListItem\",\"position\":1,\"name\":\"Brioche Gourmet\",\"item\":\"https:\\\/\\\/www.briochegourmet.com\\\/it\\\/\"},{\"@type\":\"ListItem\",\"position\":2,\"name\":\"La nostra storia\"}]},{\"@type\":\"WebSite\",\"@id\":\"https:\\\/\\\/www.briochegourmet.com\\\/#website\",\"url\":\"https:\\\/\\\/www.briochegourmet.com\\\/\",\"name\":\"Brioche Gourmet\",\"description\":\"\",\"publisher\":{\"@id\":\"https:\\\/\\\/www.briochegourmet.com\\\/#organization\"},\"potentialAction\":[{\"@type\":\"SearchAction\",\"target\":{\"@type\":\"EntryPoint\",\"urlTemplate\":\"https:\\\/\\\/www.briochegourmet.com\\\/?s={search_term_string}\"},\"query-input\":{\"@type\":\"PropertyValueSpecification\",\"valueRequired\":true,\"valueName\":\"search_term_string\"}}],\"inLanguage\":\"it-IT\"},{\"@type\":\"Organization\",\"@id\":\"https:\\\/\\\/www.briochegourmet.com\\\/#organization\",\"name\":\"Brioche Gourmet\",\"url\":\"https:\\\/\\\/www.briochegourmet.com\\\/\",\"logo\":{\"@type\":\"ImageObject\",\"inLanguage\":\"it-IT\",\"@id\":\"https:\\\/\\\/www.briochegourmet.com\\\/#\\\/schema\\\/logo\\\/image\\\/\",\"url\":\"https:\\\/\\\/www.briochegourmet.com\\\/wp-content\\\/uploads\\\/sites\\\/3\\\/woocommerce-placeholder.png\",\"contentUrl\":\"https:\\\/\\\/www.briochegourmet.com\\\/wp-content\\\/uploads\\\/sites\\\/3\\\/woocommerce-placeholder.png\",\"width\":1200,\"height\":1200,\"caption\":\"Brioche Gourmet\"},\"image\":{\"@id\":\"https:\\\/\\\/www.briochegourmet.com\\\/#\\\/schema\\\/logo\\\/image\\\/\"}}]}<\/script>\n<!-- \/ Yoast SEO plugin. -->","yoast_head_json":{"title":"La nostra storia - Brioche Gourmet","description":"La nostra storia La brioche \u00e8 nella nostra natura Sforniamo dolci da quattro generazioni, tramandando le nostre ricette originali e la passione per il pan","robots":{"index":"index","follow":"follow","max-snippet":"max-snippet:-1","max-image-preview":"max-image-preview:large","max-video-preview":"max-video-preview:-1"},"canonical":"https:\/\/www.briochegourmet.com\/it\/la-nostra-storia\/","og_locale":"it_IT","og_type":"article","og_title":"La nostra storia - Brioche Gourmet","og_description":"La nostra storia La brioche \u00e8 nella nostra natura Sforniamo dolci da quattro generazioni, tramandando le nostre ricette originali e la passione per il pan","og_url":"https:\/\/www.briochegourmet.com\/it\/la-nostra-storia\/","og_site_name":"Brioche Gourmet","article_modified_time":"2025-09-23T13:08:46+00:00","og_image":[{"url":"https:\/\/www.briochegourmet.com\/wp-content\/uploads\/sites\/3\/2025\/08\/BG_Tour_Eiffel_gold.png","type":"","width":"","height":""}],"twitter_card":"summary_large_image","twitter_misc":{"Tempo di lettura stimato":"5 minuti"},"schema":{"@context":"https:\/\/schema.org","@graph":[{"@type":"WebPage","@id":"https:\/\/www.briochegourmet.com\/it\/la-nostra-storia\/","url":"https:\/\/www.briochegourmet.com\/it\/la-nostra-storia\/","name":"La nostra storia - Brioche Gourmet","isPartOf":{"@id":"https:\/\/www.briochegourmet.com\/#website"},"primaryImageOfPage":{"@id":"https:\/\/www.briochegourmet.com\/it\/la-nostra-storia\/#primaryimage"},"image":{"@id":"https:\/\/www.briochegourmet.com\/it\/la-nostra-storia\/#primaryimage"},"thumbnailUrl":"https:\/\/www.briochegourmet.com\/wp-content\/uploads\/sites\/3\/2025\/08\/BG_Tour_Eiffel_gold.png","datePublished":"2025-08-07T12:30:49+00:00","dateModified":"2025-09-23T13:08:46+00:00","description":"La nostra storia La brioche \u00e8 nella nostra natura Sforniamo dolci da quattro generazioni, tramandando le nostre ricette originali e la passione per il pan","breadcrumb":{"@id":"https:\/\/www.briochegourmet.com\/it\/la-nostra-storia\/#breadcrumb"},"inLanguage":"it-IT","potentialAction":[{"@type":"ReadAction","target":["https:\/\/www.briochegourmet.com\/it\/la-nostra-storia\/"]}]},{"@type":"ImageObject","inLanguage":"it-IT","@id":"https:\/\/www.briochegourmet.com\/it\/la-nostra-storia\/#primaryimage","url":"https:\/\/www.briochegourmet.com\/wp-content\/uploads\/sites\/3\/2025\/08\/BG_Tour_Eiffel_gold.png","contentUrl":"https:\/\/www.briochegourmet.com\/wp-content\/uploads\/sites\/3\/2025\/08\/BG_Tour_Eiffel_gold.png"},{"@type":"BreadcrumbList","@id":"https:\/\/www.briochegourmet.com\/it\/la-nostra-storia\/#breadcrumb","itemListElement":[{"@type":"ListItem","position":1,"name":"Brioche Gourmet","item":"https:\/\/www.briochegourmet.com\/it\/"},{"@type":"ListItem","position":2,"name":"La nostra storia"}]},{"@type":"WebSite","@id":"https:\/\/www.briochegourmet.com\/#website","url":"https:\/\/www.briochegourmet.com\/","name":"Brioche Gourmet","description":"","publisher":{"@id":"https:\/\/www.briochegourmet.com\/#organization"},"potentialAction":[{"@type":"SearchAction","target":{"@type":"EntryPoint","urlTemplate":"https:\/\/www.briochegourmet.com\/?s={search_term_string}"},"query-input":{"@type":"PropertyValueSpecification","valueRequired":true,"valueName":"search_term_string"}}],"inLanguage":"it-IT"},{"@type":"Organization","@id":"https:\/\/www.briochegourmet.com\/#organization","name":"Brioche Gourmet","url":"https:\/\/www.briochegourmet.com\/","logo":{"@type":"ImageObject","inLanguage":"it-IT","@id":"https:\/\/www.briochegourmet.com\/#\/schema\/logo\/image\/","url":"https:\/\/www.briochegourmet.com\/wp-content\/uploads\/sites\/3\/woocommerce-placeholder.png","contentUrl":"https:\/\/www.briochegourmet.com\/wp-content\/uploads\/sites\/3\/woocommerce-placeholder.png","width":1200,"height":1200,"caption":"Brioche Gourmet"},"image":{"@id":"https:\/\/www.briochegourmet.com\/#\/schema\/logo\/image\/"}}]}},"_links":{"self":[{"href":"https:\/\/www.briochegourmet.com\/it\/wp-json\/wp\/v2\/pages\/7729","targetHints":{"allow":["GET"]}}],"collection":[{"href":"https:\/\/www.briochegourmet.com\/it\/wp-json\/wp\/v2\/pages"}],"about":[{"href":"https:\/\/www.briochegourmet.com\/it\/wp-json\/wp\/v2\/types\/page"}],"author":[{"embeddable":true,"href":"https:\/\/www.briochegourmet.com\/it\/wp-json\/wp\/v2\/users\/1"}],"replies":[{"embeddable":true,"href":"https:\/\/www.briochegourmet.com\/it\/wp-json\/wp\/v2\/comments?post=7729"}],"version-history":[{"count":26,"href":"https:\/\/www.briochegourmet.com\/it\/wp-json\/wp\/v2\/pages\/7729\/revisions"}],"predecessor-version":[{"id":8991,"href":"https:\/\/www.briochegourmet.com\/it\/wp-json\/wp\/v2\/pages\/7729\/revisions\/8991"}],"wp:attachment":[{"href":"https:\/\/www.briochegourmet.com\/it\/wp-json\/wp\/v2\/media?parent=7729"}],"curies":[{"name":"wp","href":"https:\/\/api.w.org\/{rel}","templated":true}]}}