{"id":9019,"date":"2025-08-07T14:30:49","date_gmt":"2025-08-07T12:30:49","guid":{"rendered":"https:\/\/preprod.briochegourmet.com\/nuestra-historia\/"},"modified":"2025-09-23T15:19:42","modified_gmt":"2025-09-23T13:19:42","slug":"nuestra-historia","status":"publish","type":"page","link":"https:\/\/www.briochegourmet.com\/es\/nuestra-historia\/","title":{"rendered":"Nuestra historia"},"content":{"rendered":"\n<div id=\"wp-block-themeisle-blocks-advanced-columns-8a4e19e2\" class=\"wp-block-themeisle-blocks-advanced-columns alignfull has-1-columns has-desktop-equal-layout has-tablet-equal-layout has-mobile-equal-layout has-vertical-unset\"><div class=\"wp-block-themeisle-blocks-advanced-columns-overlay\"><\/div><div class=\"innerblocks-wrap\">\n<div id=\"wp-block-themeisle-blocks-advanced-column-099d3ae7\" class=\"wp-block-themeisle-blocks-advanced-column\">\n<div id=\"wp-block-themeisle-blocks-advanced-columns-1f3e2555\" class=\"wp-block-themeisle-blocks-advanced-columns alignfull has-1-columns has-desktop-equal-layout has-tablet-equal-layout has-mobile-equal-layout has-vertical-unset has-dark-bg\"><div class=\"wp-block-themeisle-blocks-advanced-columns-overlay\"><\/div><div class=\"innerblocks-wrap\">\n<div id=\"wp-block-themeisle-blocks-advanced-column-94f9125a\" class=\"wp-block-themeisle-blocks-advanced-column\"><div class=\"yoast-breadcrumbs\"><span><span><a href=\"https:\/\/www.briochegourmet.com\/es\/\">Brioche Gourmet<\/a><\/span> \u00bb <span class=\"breadcrumb_last\" aria-current=\"page\">Nuestra historia<\/span><\/span><\/div>\n\n\n<h1 id=\"wp-block-themeisle-blocks-advanced-heading-a35a34f9\" class=\"wp-block-themeisle-blocks-advanced-heading wp-block-themeisle-blocks-advanced-heading-a35a34f9\">Nuestra historia<\/h1>\n\n\n\n<div id=\"wp-block-themeisle-blocks-advanced-columns-0b378107\" class=\"wp-block-themeisle-blocks-advanced-columns has-2-columns has-desktop-equal-layout has-tablet-collapsedRows-layout has-mobile-collapsedRows-layout has-reverse-columns-tablet has-reverse-columns-mobile has-vertical-unset\"><div class=\"wp-block-themeisle-blocks-advanced-columns-overlay\"><\/div><div class=\"innerblocks-wrap\">\n<div id=\"wp-block-themeisle-blocks-advanced-column-e8c86892\" class=\"wp-block-themeisle-blocks-advanced-column\">\n<h2 class=\"wp-block-heading\" style=\"font-size:46px\">El brioche est\u00e1 en nuestra naturaleza<\/h2>\n\n\n\n<div id=\"wp-block-themeisle-blocks-icon-list-70d48a55\" class=\"wp-block-themeisle-blocks-icon-list our-story-list\">\n<div id=\"wp-block-themeisle-blocks-icon-list-item-547c7bad\" class=\"wp-block-themeisle-blocks-icon-list-item\"><img decoding=\"async\" src=\"https:\/\/www.briochegourmet.com\/wp-content\/uploads\/sites\/3\/2025\/08\/BG_Tour_Eiffel_gold.png\"><p class=\"wp-block-themeisle-blocks-icon-list-item-content-custom\">Llevamos cuatro generaciones horneando, transmitiendo nuestras aut\u00e9nticas recetas y nuestra pasi\u00f3n por el brioche.<\/p><\/div>\n\n\n\n<div id=\"wp-block-themeisle-blocks-icon-list-item-92f73b5e\" class=\"wp-block-themeisle-blocks-icon-list-item\"><img decoding=\"async\" src=\"https:\/\/www.briochegourmet.com\/wp-content\/uploads\/sites\/3\/2025\/08\/BG_Tour_Eiffel_gold.png\"><p class=\"wp-block-themeisle-blocks-icon-list-item-content-custom\">Cada creaci\u00f3n que elaboramos empieza con ingredientes sanos y excepcionales.<\/p><\/div>\n\n\n\n<div id=\"wp-block-themeisle-blocks-icon-list-item-6395c973\" class=\"wp-block-themeisle-blocks-icon-list-item\"><img decoding=\"async\" src=\"https:\/\/www.briochegourmet.com\/wp-content\/uploads\/sites\/3\/2025\/08\/BG_Tour_Eiffel_gold.png\"><p class=\"wp-block-themeisle-blocks-icon-list-item-content-custom\">La textura de nuestro brioche es el elemento clave que nos define: cada bocado es suave, ligero, f\u00e1cil de desprender pero nunca quebradizo.<\/p><\/div>\n\n\n\n<div id=\"wp-block-themeisle-blocks-icon-list-item-303adf20\" class=\"wp-block-themeisle-blocks-icon-list-item\"><img decoding=\"async\" src=\"https:\/\/www.briochegourmet.com\/wp-content\/uploads\/sites\/3\/2025\/08\/BG_Tour_Eiffel_gold.png\"><p class=\"wp-block-themeisle-blocks-icon-list-item-content-custom\">Llevar el delicioso y saludable brioche franc\u00e9s al coraz\u00f3n de cada hogar era la misi\u00f3n de nuestros fundadores, y un compromiso al que nos mantenemos fieles hoy en d\u00eda.<\/p><\/div>\n<\/div>\n<\/div>\n\n\n\n<div id=\"wp-block-themeisle-blocks-advanced-column-72bef85c\" class=\"wp-block-themeisle-blocks-advanced-column\"><div class=\"wp-block-image ticss-906cb926\">\n<figure class=\"aligncenter size-full has-custom-border\"><img loading=\"lazy\" decoding=\"async\" width=\"484\" height=\"467\" src=\"https:\/\/www.briochegourmet.com\/wp-content\/uploads\/sites\/3\/2025\/08\/Fournee_Doree_St-Marie-aC_115_.jpg\" alt=\"\" class=\"wp-image-495\" style=\"border-top-color:var(--wp--preset--color--nv-site-bg);border-top-width:22px;border-right-color:var(--wp--preset--color--nv-site-bg);border-right-width:22px;border-bottom-color:var(--wp--preset--color--nv-site-bg);border-bottom-width:86px;border-left-color:var(--wp--preset--color--nv-site-bg);border-left-width:22px\" srcset=\"https:\/\/www.briochegourmet.com\/wp-content\/uploads\/sites\/3\/2025\/08\/Fournee_Doree_St-Marie-aC_115_.jpg 484w, https:\/\/www.briochegourmet.com\/wp-content\/uploads\/sites\/3\/2025\/08\/Fournee_Doree_St-Marie-aC_115_-300x289.jpg 300w\" sizes=\"auto, (max-width: 484px) 100vw, 484px\" \/><\/figure>\n<\/div><\/div>\n<\/div><\/div>\n<\/div>\n<\/div><\/div>\n\n\n\n<div id=\"wp-block-themeisle-blocks-advanced-columns-41866679\" class=\"wp-block-themeisle-blocks-advanced-columns alignfull has-1-columns has-desktop-equal-layout hide-in-tablet hide-in-mobile has-vertical-unset our-story-ble\"><div class=\"wp-block-themeisle-blocks-advanced-columns-overlay\"><\/div><div class=\"innerblocks-wrap\">\n<div id=\"wp-block-themeisle-blocks-advanced-column-22378dfd\" class=\"wp-block-themeisle-blocks-advanced-column\"><\/div>\n<\/div><\/div>\n\n\n\n<div id=\"wp-block-themeisle-blocks-advanced-columns-5366ee30\" class=\"wp-block-themeisle-blocks-advanced-columns alignfull has-1-columns has-desktop-equal-layout has-tablet-equal-layout has-mobile-equal-layout has-vertical-unset\"><div class=\"wp-block-themeisle-blocks-advanced-columns-overlay\"><\/div><div class=\"innerblocks-wrap\">\n<div id=\"wp-block-themeisle-blocks-advanced-column-be0e4e3e\" class=\"wp-block-themeisle-blocks-advanced-column\">\n<div id=\"wp-block-themeisle-blocks-advanced-columns-a7d38a88\" class=\"wp-block-themeisle-blocks-advanced-columns has-1-columns has-desktop-equal-layout has-tablet-equal-layout has-mobile-equal-layout has-vertical-unset\"><div class=\"wp-block-themeisle-blocks-advanced-columns-overlay\"><\/div><div class=\"innerblocks-wrap\">\n<div id=\"wp-block-themeisle-blocks-advanced-column-b3d20137\" class=\"wp-block-themeisle-blocks-advanced-column\"><div class=\"wp-block-image\">\n<figure class=\"aligncenter size-full is-resized\"><img loading=\"lazy\" decoding=\"async\" width=\"364\" height=\"258\" src=\"https:\/\/www.briochegourmet.com\/wp-content\/uploads\/sites\/3\/2025\/08\/BG_Tour_Eiffel_gold.png\" alt=\"\" class=\"wp-image-538\" style=\"width:150px\" srcset=\"https:\/\/www.briochegourmet.com\/wp-content\/uploads\/sites\/3\/2025\/08\/BG_Tour_Eiffel_gold.png 364w, https:\/\/www.briochegourmet.com\/wp-content\/uploads\/sites\/3\/2025\/08\/BG_Tour_Eiffel_gold-300x213.png 300w\" sizes=\"auto, (max-width: 364px) 100vw, 364px\" \/><\/figure>\n<\/div>\n\n\n<div id=\"wp-block-themeisle-blocks-advanced-columns-2c917ae7\" class=\"wp-block-themeisle-blocks-advanced-columns has-2-columns has-desktop-equal-layout has-tablet-equal-layout has-mobile-collapsedRows-layout has-vertical-unset\"><div class=\"wp-block-themeisle-blocks-advanced-columns-overlay\"><\/div><div class=\"innerblocks-wrap\">\n<div id=\"wp-block-themeisle-blocks-advanced-column-c646460d\" class=\"wp-block-themeisle-blocks-advanced-column\">\n<figure class=\"wp-block-image size-full is-resized\"><img loading=\"lazy\" decoding=\"async\" width=\"377\" height=\"377\" src=\"https:\/\/www.briochegourmet.com\/wp-content\/uploads\/sites\/3\/2025\/08\/PICTO-BRIOCHE-GOURMET-4fa7f2.svg\" alt=\"\" class=\"wp-image-94\" style=\"width:50px\"\/><\/figure>\n\n\n\n<h2 id=\"wp-block-themeisle-blocks-advanced-heading-0256fefe\" class=\"wp-block-themeisle-blocks-advanced-heading wp-block-themeisle-blocks-advanced-heading-0256fefe\">La pasi\u00f3n por el brioche corre en la familia.<\/h2>\n\n\n\n<p>Nuestro amor por el brioche comenz\u00f3 en 1945 en una panader\u00eda francesa, donde nuestra familia empez\u00f3 a crear deliciosos brioches artesanales. Enclavados en la campi\u00f1a del oeste de Francia, perfeccionamos el arte de este ic\u00f3nico alimento b\u00e1sico franc\u00e9s: un brioche suave, esponjoso, ligeramente dulce y dorado que aporta alegr\u00eda con cada bocado. <\/p>\n\n\n\n<p>Ahora, en nuestra cuarta generaci\u00f3n como empresa familiar, nuestras recetas originales permanecen fieles, al igual que nuestra pasi\u00f3n por el oficio. Como conocedores del brioche, nos tomamos nuestro trabajo muy en serio: desde los ingredientes excepcionales hasta la prueba de sabor de nuestras creaciones reci\u00e9n horneadas (no podemos resistirnos, c&#8217;est d\u00e9licieux!) En Brioche Gourmet, siempre estamos preparando nuevas ideas para llevar el sabor del brioche franc\u00e9s tradicional a su mesa. <\/p>\n<\/div>\n\n\n\n<div id=\"wp-block-themeisle-blocks-advanced-column-bb985ad9\" class=\"wp-block-themeisle-blocks-advanced-column\">\n<figure class=\"wp-block-image size-full\"><img loading=\"lazy\" decoding=\"async\" width=\"600\" height=\"900\" src=\"http:\/\/www.briochegourmet.com\/wp-content\/uploads\/sites\/3\/2025\/09\/our-story-bloc1-passion-for-brioche.png\" alt=\"\" class=\"wp-image-7798\" style=\"aspect-ratio:3\/4;object-fit:cover\" srcset=\"https:\/\/www.briochegourmet.com\/wp-content\/uploads\/sites\/3\/2025\/09\/our-story-bloc1-passion-for-brioche.png 600w, https:\/\/www.briochegourmet.com\/wp-content\/uploads\/sites\/3\/2025\/09\/our-story-bloc1-passion-for-brioche-200x300.png 200w\" sizes=\"auto, (max-width: 600px) 100vw, 600px\" \/><\/figure>\n<\/div>\n<\/div><\/div>\n\n\n\n<div id=\"wp-block-themeisle-blocks-advanced-columns-7e2c6c70\" class=\"wp-block-themeisle-blocks-advanced-columns has-2-columns has-desktop-equal-layout has-tablet-equal-layout has-mobile-collapsedRows-layout has-reverse-columns-mobile has-vertical-unset\"><div class=\"wp-block-themeisle-blocks-advanced-columns-overlay\"><\/div><div class=\"innerblocks-wrap\">\n<div id=\"wp-block-themeisle-blocks-advanced-column-20cb726e\" class=\"wp-block-themeisle-blocks-advanced-column\">\n<figure class=\"wp-block-image size-full\"><img loading=\"lazy\" decoding=\"async\" width=\"800\" height=\"533\" src=\"http:\/\/www.briochegourmet.com\/wp-content\/uploads\/sites\/3\/2025\/09\/our-story-bloc3-brioche-ingredients.png\" alt=\"\" class=\"wp-image-7809\" style=\"aspect-ratio:4\/3;object-fit:cover\" srcset=\"https:\/\/www.briochegourmet.com\/wp-content\/uploads\/sites\/3\/2025\/09\/our-story-bloc3-brioche-ingredients.png 800w, https:\/\/www.briochegourmet.com\/wp-content\/uploads\/sites\/3\/2025\/09\/our-story-bloc3-brioche-ingredients-300x200.png 300w, https:\/\/www.briochegourmet.com\/wp-content\/uploads\/sites\/3\/2025\/09\/our-story-bloc3-brioche-ingredients-768x512.png 768w\" sizes=\"auto, (max-width: 800px) 100vw, 800px\" \/><\/figure>\n<\/div>\n\n\n\n<div id=\"wp-block-themeisle-blocks-advanced-column-c5c7c7b3\" class=\"wp-block-themeisle-blocks-advanced-column\">\n<figure class=\"wp-block-image size-full is-resized\"><img loading=\"lazy\" decoding=\"async\" width=\"377\" height=\"377\" src=\"https:\/\/www.briochegourmet.com\/wp-content\/uploads\/sites\/3\/2025\/08\/PICTO-BRIOCHE-GOURMET-4fa7f2.svg\" alt=\"\" class=\"wp-image-94\" style=\"width:50px\"\/><\/figure>\n\n\n\n<h2 id=\"wp-block-themeisle-blocks-advanced-heading-69aa090b\" class=\"wp-block-themeisle-blocks-advanced-heading wp-block-themeisle-blocks-advanced-heading-69aa090b\">Nos importa lo que hay dentro<\/h2>\n\n\n\n<p>Como panaderos, sabemos que un brioche solo alcanzar\u00e1 su m\u00e1ximo potencial si se proporcionan los mejores ingredientes, como trigo de primera calidad, mantequilla francesa, huevos y leche. Cada ingrediente cuidadosamente seleccionado se fusiona en una sinfon\u00eda armoniosa de sabor y textura, suave, aireada y deliciosa. Nuestros ingredientes son excepcionales. Son el alma de nuestras creaciones y reflejan nuestros valores de sostenibilidad, sabor gourmet y compromiso permanente con la calidad.   <\/p>\n<\/div>\n<\/div><\/div>\n\n\n\n<div id=\"wp-block-themeisle-blocks-advanced-columns-b40e005a\" class=\"wp-block-themeisle-blocks-advanced-columns has-2-columns has-desktop-equal-layout has-tablet-equal-layout has-mobile-collapsedRows-layout has-vertical-unset\"><div class=\"wp-block-themeisle-blocks-advanced-columns-overlay\"><\/div><div class=\"innerblocks-wrap\">\n<div id=\"wp-block-themeisle-blocks-advanced-column-8974124c\" class=\"wp-block-themeisle-blocks-advanced-column\">\n<figure class=\"wp-block-image size-full is-resized\"><img loading=\"lazy\" decoding=\"async\" width=\"377\" height=\"377\" src=\"https:\/\/www.briochegourmet.com\/wp-content\/uploads\/sites\/3\/2025\/08\/PICTO-BRIOCHE-GOURMET-4fa7f2.svg\" alt=\"\" class=\"wp-image-94\" style=\"width:50px\"\/><\/figure>\n\n\n\n<h2 id=\"wp-block-themeisle-blocks-advanced-heading-68ccefbc\" class=\"wp-block-themeisle-blocks-advanced-heading wp-block-themeisle-blocks-advanced-heading-68ccefbc\">Un brioche suave como la tierra<\/h2>\n\n\n\n<p>Sabemos que todo lo que aportamos a nuestro oficio es importante. Proveernos de ingredientes de primera calidad es solo el principio. Estamos comprometidos a escuchar, aprender y crecer como empresa y como administradores de la tierra, brioche tras brioche, d\u00eda tras d\u00eda. Este es el camino que hemos recorrido hasta ahora:   <\/p>\n\n\n\n<p>Por el planeta:<\/p>\n\n\n\n<ul class=\"wp-block-list\">\n<li>Ingredientes de primera calidad y de origen sostenible<\/li>\n\n\n\n<li>Aceite de palma RGPO, que reduce el consumo de agua y electricidad.<\/li>\n\n\n\n<li>Envases ecol\u00f3gicos, que reducen el uso de pl\u00e1sticos y minimizan los residuos de producci\u00f3n.<\/li>\n\n\n\n<li>Eficiencia energ\u00e9tica en nuestras instalaciones y oficinas<\/li>\n<\/ul>\n\n\n\n<p>Para las personas:<\/p>\n\n\n\n<ul class=\"wp-block-list\">\n<li>Ampliaci\u00f3n de nuestra oferta de productos para incluir productos de base vegetal y opciones aptas para alergias.<\/li>\n\n\n\n<li>Una cultura en la que todos los empleados se sienten bienvenidos, respetados y valorados.<\/li>\n\n\n\n<li>Compromiso con la comunidad y retribuci\u00f3n con donaciones de sangre, campa\u00f1as de recogida de juguetes, voluntariado, etc.<\/li>\n\n\n\n<li>Bienestar de los empleados, instalaciones deportivas en los propios centros y una cultura centrada en la familia.<\/li>\n<\/ul>\n<\/div>\n\n\n\n<div id=\"wp-block-themeisle-blocks-advanced-column-5513c28e\" class=\"wp-block-themeisle-blocks-advanced-column\">\n<figure class=\"wp-block-image size-full\"><img loading=\"lazy\" decoding=\"async\" width=\"800\" height=\"534\" src=\"http:\/\/www.briochegourmet.com\/wp-content\/uploads\/sites\/3\/2025\/09\/our-story-bloc3-brioche-and-earth.png\" alt=\"\" class=\"wp-image-7815\" style=\"aspect-ratio:3\/4;object-fit:cover\" srcset=\"https:\/\/www.briochegourmet.com\/wp-content\/uploads\/sites\/3\/2025\/09\/our-story-bloc3-brioche-and-earth.png 800w, https:\/\/www.briochegourmet.com\/wp-content\/uploads\/sites\/3\/2025\/09\/our-story-bloc3-brioche-and-earth-300x200.png 300w, https:\/\/www.briochegourmet.com\/wp-content\/uploads\/sites\/3\/2025\/09\/our-story-bloc3-brioche-and-earth-768x513.png 768w\" sizes=\"auto, (max-width: 800px) 100vw, 800px\" \/><\/figure>\n<\/div>\n<\/div><\/div>\n<\/div>\n<\/div><\/div>\n\n\n<div class=\"wp-block-image\">\n<figure class=\"aligncenter size-full is-resized\"><img loading=\"lazy\" decoding=\"async\" width=\"1114\" height=\"739\" src=\"http:\/\/www.briochegourmet.com\/wp-content\/uploads\/sites\/3\/2025\/08\/Illu-BG-prep.png\" alt=\"\" class=\"wp-image-138\" style=\"aspect-ratio:16\/9;object-fit:contain;width:700px\" srcset=\"https:\/\/www.briochegourmet.com\/wp-content\/uploads\/sites\/3\/2025\/08\/Illu-BG-prep.png 1114w, https:\/\/www.briochegourmet.com\/wp-content\/uploads\/sites\/3\/2025\/08\/Illu-BG-prep-300x199.png 300w, https:\/\/www.briochegourmet.com\/wp-content\/uploads\/sites\/3\/2025\/08\/Illu-BG-prep-1024x679.png 1024w, https:\/\/www.briochegourmet.com\/wp-content\/uploads\/sites\/3\/2025\/08\/Illu-BG-prep-768x509.png 768w\" sizes=\"auto, (max-width: 1114px) 100vw, 1114px\" \/><\/figure>\n<\/div><\/div>\n<\/div><\/div>\n<\/div>\n<\/div><\/div>\n","protected":false},"excerpt":{"rendered":"","protected":false},"author":1,"featured_media":0,"parent":0,"menu_order":0,"comment_status":"closed","ping_status":"closed","template":"","meta":{"_acf_changed":false,"neve_meta_sidebar":"","neve_meta_container":"","neve_meta_enable_content_width":"","neve_meta_content_width":0,"neve_meta_title_alignment":"","neve_meta_author_avatar":"","neve_post_elements_order":"","neve_meta_disable_header":"","neve_meta_disable_footer":"","neve_meta_disable_title":"on","neve_meta_reading_time":"","_themeisle_gutenberg_block_has_review":false,"footnotes":""},"class_list":["post-9019","page","type-page","status-publish","hentry"],"acf":[],"yoast_head":"<!-- This site is optimized with the Yoast SEO plugin v26.0 - https:\/\/yoast.com\/wordpress\/plugins\/seo\/ -->\n<title>Nuestra historia - Brioche Gourmet<\/title>\n<meta name=\"description\" content=\"Nuestra historia El brioche est\u00e1 en nuestra naturaleza Llevamos cuatro generaciones horneando, transmitiendo nuestras aut\u00e9nticas recetas y nuestra pasi\u00f3n\" \/>\n<meta name=\"robots\" content=\"index, follow, max-snippet:-1, max-image-preview:large, max-video-preview:-1\" \/>\n<link rel=\"canonical\" href=\"https:\/\/www.briochegourmet.com\/es\/nuestra-historia\/\" \/>\n<meta property=\"og:locale\" content=\"es_ES\" \/>\n<meta property=\"og:type\" content=\"article\" \/>\n<meta property=\"og:title\" content=\"Nuestra historia - Brioche Gourmet\" \/>\n<meta property=\"og:description\" content=\"Nuestra historia El brioche est\u00e1 en nuestra naturaleza Llevamos cuatro generaciones horneando, transmitiendo nuestras aut\u00e9nticas recetas y nuestra pasi\u00f3n\" \/>\n<meta property=\"og:url\" content=\"https:\/\/www.briochegourmet.com\/es\/nuestra-historia\/\" \/>\n<meta property=\"og:site_name\" content=\"Brioche Gourmet\" \/>\n<meta property=\"article:modified_time\" content=\"2025-09-23T13:19:42+00:00\" \/>\n<meta property=\"og:image\" content=\"https:\/\/www.briochegourmet.com\/wp-content\/uploads\/sites\/3\/2025\/08\/BG_Tour_Eiffel_gold.png\" \/>\n<meta name=\"twitter:card\" content=\"summary_large_image\" \/>\n<meta name=\"twitter:label1\" content=\"Tiempo de lectura\" \/>\n\t<meta name=\"twitter:data1\" content=\"2 minutos\" \/>\n<script type=\"application\/ld+json\" class=\"yoast-schema-graph\">{\"@context\":\"https:\/\/schema.org\",\"@graph\":[{\"@type\":\"WebPage\",\"@id\":\"https:\/\/www.briochegourmet.com\/es\/nuestra-historia\/\",\"url\":\"https:\/\/www.briochegourmet.com\/es\/nuestra-historia\/\",\"name\":\"Nuestra historia - Brioche Gourmet\",\"isPartOf\":{\"@id\":\"https:\/\/www.briochegourmet.com\/#website\"},\"primaryImageOfPage\":{\"@id\":\"https:\/\/www.briochegourmet.com\/es\/nuestra-historia\/#primaryimage\"},\"image\":{\"@id\":\"https:\/\/www.briochegourmet.com\/es\/nuestra-historia\/#primaryimage\"},\"thumbnailUrl\":\"https:\/\/www.briochegourmet.com\/wp-content\/uploads\/sites\/3\/2025\/08\/BG_Tour_Eiffel_gold.png\",\"datePublished\":\"2025-08-07T12:30:49+00:00\",\"dateModified\":\"2025-09-23T13:19:42+00:00\",\"description\":\"Nuestra historia El brioche est\u00e1 en nuestra naturaleza Llevamos cuatro generaciones horneando, transmitiendo nuestras aut\u00e9nticas recetas y nuestra pasi\u00f3n\",\"breadcrumb\":{\"@id\":\"https:\/\/www.briochegourmet.com\/es\/nuestra-historia\/#breadcrumb\"},\"inLanguage\":\"es\",\"potentialAction\":[{\"@type\":\"ReadAction\",\"target\":[\"https:\/\/www.briochegourmet.com\/es\/nuestra-historia\/\"]}]},{\"@type\":\"ImageObject\",\"inLanguage\":\"es\",\"@id\":\"https:\/\/www.briochegourmet.com\/es\/nuestra-historia\/#primaryimage\",\"url\":\"https:\/\/www.briochegourmet.com\/wp-content\/uploads\/sites\/3\/2025\/08\/BG_Tour_Eiffel_gold.png\",\"contentUrl\":\"https:\/\/www.briochegourmet.com\/wp-content\/uploads\/sites\/3\/2025\/08\/BG_Tour_Eiffel_gold.png\"},{\"@type\":\"BreadcrumbList\",\"@id\":\"https:\/\/www.briochegourmet.com\/es\/nuestra-historia\/#breadcrumb\",\"itemListElement\":[{\"@type\":\"ListItem\",\"position\":1,\"name\":\"Brioche Gourmet\",\"item\":\"https:\/\/www.briochegourmet.com\/es\/\"},{\"@type\":\"ListItem\",\"position\":2,\"name\":\"Nuestra historia\"}]},{\"@type\":\"WebSite\",\"@id\":\"https:\/\/www.briochegourmet.com\/#website\",\"url\":\"https:\/\/www.briochegourmet.com\/\",\"name\":\"Brioche Gourmet\",\"description\":\"\",\"potentialAction\":[{\"@type\":\"SearchAction\",\"target\":{\"@type\":\"EntryPoint\",\"urlTemplate\":\"https:\/\/www.briochegourmet.com\/?s={search_term_string}\"},\"query-input\":{\"@type\":\"PropertyValueSpecification\",\"valueRequired\":true,\"valueName\":\"search_term_string\"}}],\"inLanguage\":\"es\"}]}<\/script>\n<!-- \/ Yoast SEO plugin. -->","yoast_head_json":{"title":"Nuestra historia - Brioche Gourmet","description":"Nuestra historia El brioche est\u00e1 en nuestra naturaleza Llevamos cuatro generaciones horneando, transmitiendo nuestras aut\u00e9nticas recetas y nuestra pasi\u00f3n","robots":{"index":"index","follow":"follow","max-snippet":"max-snippet:-1","max-image-preview":"max-image-preview:large","max-video-preview":"max-video-preview:-1"},"canonical":"https:\/\/www.briochegourmet.com\/es\/nuestra-historia\/","og_locale":"es_ES","og_type":"article","og_title":"Nuestra historia - Brioche Gourmet","og_description":"Nuestra historia El brioche est\u00e1 en nuestra naturaleza Llevamos cuatro generaciones horneando, transmitiendo nuestras aut\u00e9nticas recetas y nuestra pasi\u00f3n","og_url":"https:\/\/www.briochegourmet.com\/es\/nuestra-historia\/","og_site_name":"Brioche Gourmet","article_modified_time":"2025-09-23T13:19:42+00:00","og_image":[{"url":"https:\/\/www.briochegourmet.com\/wp-content\/uploads\/sites\/3\/2025\/08\/BG_Tour_Eiffel_gold.png","type":"","width":"","height":""}],"twitter_card":"summary_large_image","twitter_misc":{"Tiempo de lectura":"2 minutos"},"schema":{"@context":"https:\/\/schema.org","@graph":[{"@type":"WebPage","@id":"https:\/\/www.briochegourmet.com\/es\/nuestra-historia\/","url":"https:\/\/www.briochegourmet.com\/es\/nuestra-historia\/","name":"Nuestra historia - Brioche Gourmet","isPartOf":{"@id":"https:\/\/www.briochegourmet.com\/#website"},"primaryImageOfPage":{"@id":"https:\/\/www.briochegourmet.com\/es\/nuestra-historia\/#primaryimage"},"image":{"@id":"https:\/\/www.briochegourmet.com\/es\/nuestra-historia\/#primaryimage"},"thumbnailUrl":"https:\/\/www.briochegourmet.com\/wp-content\/uploads\/sites\/3\/2025\/08\/BG_Tour_Eiffel_gold.png","datePublished":"2025-08-07T12:30:49+00:00","dateModified":"2025-09-23T13:19:42+00:00","description":"Nuestra historia El brioche est\u00e1 en nuestra naturaleza Llevamos cuatro generaciones horneando, transmitiendo nuestras aut\u00e9nticas recetas y nuestra pasi\u00f3n","breadcrumb":{"@id":"https:\/\/www.briochegourmet.com\/es\/nuestra-historia\/#breadcrumb"},"inLanguage":"es","potentialAction":[{"@type":"ReadAction","target":["https:\/\/www.briochegourmet.com\/es\/nuestra-historia\/"]}]},{"@type":"ImageObject","inLanguage":"es","@id":"https:\/\/www.briochegourmet.com\/es\/nuestra-historia\/#primaryimage","url":"https:\/\/www.briochegourmet.com\/wp-content\/uploads\/sites\/3\/2025\/08\/BG_Tour_Eiffel_gold.png","contentUrl":"https:\/\/www.briochegourmet.com\/wp-content\/uploads\/sites\/3\/2025\/08\/BG_Tour_Eiffel_gold.png"},{"@type":"BreadcrumbList","@id":"https:\/\/www.briochegourmet.com\/es\/nuestra-historia\/#breadcrumb","itemListElement":[{"@type":"ListItem","position":1,"name":"Brioche Gourmet","item":"https:\/\/www.briochegourmet.com\/es\/"},{"@type":"ListItem","position":2,"name":"Nuestra historia"}]},{"@type":"WebSite","@id":"https:\/\/www.briochegourmet.com\/#website","url":"https:\/\/www.briochegourmet.com\/","name":"Brioche Gourmet","description":"","potentialAction":[{"@type":"SearchAction","target":{"@type":"EntryPoint","urlTemplate":"https:\/\/www.briochegourmet.com\/?s={search_term_string}"},"query-input":{"@type":"PropertyValueSpecification","valueRequired":true,"valueName":"search_term_string"}}],"inLanguage":"es"}]}},"_links":{"self":[{"href":"https:\/\/www.briochegourmet.com\/es\/wp-json\/wp\/v2\/pages\/9019","targetHints":{"allow":["GET"]}}],"collection":[{"href":"https:\/\/www.briochegourmet.com\/es\/wp-json\/wp\/v2\/pages"}],"about":[{"href":"https:\/\/www.briochegourmet.com\/es\/wp-json\/wp\/v2\/types\/page"}],"author":[{"embeddable":true,"href":"https:\/\/www.briochegourmet.com\/es\/wp-json\/wp\/v2\/users\/1"}],"replies":[{"embeddable":true,"href":"https:\/\/www.briochegourmet.com\/es\/wp-json\/wp\/v2\/comments?post=9019"}],"version-history":[{"count":1,"href":"https:\/\/www.briochegourmet.com\/es\/wp-json\/wp\/v2\/pages\/9019\/revisions"}],"predecessor-version":[{"id":9020,"href":"https:\/\/www.briochegourmet.com\/es\/wp-json\/wp\/v2\/pages\/9019\/revisions\/9020"}],"wp:attachment":[{"href":"https:\/\/www.briochegourmet.com\/es\/wp-json\/wp\/v2\/media?parent=9019"}],"curies":[{"name":"wp","href":"https:\/\/api.w.org\/{rel}","templated":true}]}}